{"id":60,"date":"2023-03-22T21:02:35","date_gmt":"2023-03-22T21:02:35","guid":{"rendered":"https:\/\/topsoil.rocks\/?page_id=60"},"modified":"2024-03-02T03:06:15","modified_gmt":"2024-03-02T03:06:15","slug":"fill-dirt-near-me","status":"publish","type":"page","link":"https:\/\/topsoil.rocks\/es\/fill-dirt-near-me\/","title":{"rendered":"Relleno de tierra cerca de m\u00ed"},"content":{"rendered":"<p>[et_pb_section fb_built=&#8221;1&#8243; _builder_version=&#8221;4.17.4&#8243; _module_preset=&#8221;default&#8221; background_image=&#8221;https:\/\/topsoil.rocks\/wp-content\/uploads\/2023\/03\/wide-fill.jpg&#8221; background_position=&#8221;bottom_center&#8221; background_vertical_offset=&#8221;22%&#8221; custom_padding=&#8221;||75px|||&#8221; box_shadow_style=&#8221;preset1&#8243; global_colors_info=&#8221;{}&#8221;][et_pb_row custom_padding_last_edited=&#8221;on|desktop&#8221; _builder_version=&#8221;4.17.4&#8243; _module_preset=&#8221;default&#8221; background_color=&#8221;gcid-dd6d4d4a-3d2c-4379-b04b-ca39fb61961c&#8221; custom_margin=&#8221;30px||300px||false|false&#8221; custom_margin_tablet=&#8221;30px||||false|false&#8221; custom_margin_phone=&#8221;30px||||false|false&#8221; custom_margin_last_edited=&#8221;on|desktop&#8221; custom_padding=&#8221;10px|15px|10px|15px|true|true&#8221; custom_padding_tablet=&#8221;10px|15px|10px|15px|true|true&#8221; custom_padding_phone=&#8221;10px|15px|10px|15px|true|true&#8221; border_width_all=&#8221;3px&#8221; border_color_all=&#8221;#FFFFFF&#8221; box_shadow_style=&#8221;preset1&#8243; box_shadow_color=&#8221;#000000&#8243; global_colors_info=&#8221;{%22gcid-dd6d4d4a-3d2c-4379-b04b-ca39fb61961c%22:%91%22background_color%22%93}&#8221;][et_pb_column type=&#8221;4_4&#8243; _builder_version=&#8221;4.17.4&#8243; _module_preset=&#8221;default&#8221; global_colors_info=&#8221;{}&#8221;][et_pb_text _builder_version=&#8221;4.20.2&#8243; _module_preset=&#8221;default&#8221; text_font=&#8221;Roboto|700|||||||&#8221; text_text_color=&#8221;#FFFFFF&#8221; text_font_size=&#8221;64px&#8221; text_line_height=&#8221;1.8em&#8221; header_font=&#8221;Roboto|700|||||||&#8221; header_text_align=&#8221;center&#8221; header_text_color=&#8221;#FFFFFF&#8221; header_font_size=&#8221;80px&#8221; header_line_height=&#8221;1.3em&#8221; background_enable_color=&#8221;off&#8221; text_orientation=&#8221;center&#8221; header_font_size_tablet=&#8221;62px&#8221; header_font_size_phone=&#8221;56px&#8221; header_font_size_last_edited=&#8221;on|desktop&#8221; border_color_all=&#8221;#FFFFFF&#8221; global_colors_info=&#8221;{%22gcid-dd6d4d4a-3d2c-4379-b04b-ca39fb61961c%22:%91%22background_color%22%93}&#8221;]<\/p>\n<h1>Relleno de tierra cerca de m\u00ed<\/h1>\n<p>[\/et_pb_text][et_pb_text _builder_version=&#8221;4.17.4&#8243; _module_preset=&#8221;default&#8221; text_font=&#8221;Roboto||||||||&#8221; text_text_color=&#8221;#FFFFFF&#8221; text_font_size=&#8221;20px&#8221; text_line_height=&#8221;1.8em&#8221; text_orientation=&#8221;center&#8221; custom_margin=&#8221;-35px||||false|false&#8221; custom_margin_tablet=&#8221;-35px||||false|false&#8221; custom_margin_phone=&#8221;-35px||||false|false&#8221; custom_margin_last_edited=&#8221;on|desktop&#8221; global_colors_info=&#8221;{}&#8221;]<\/p>\n<p>\u00bfNecesita tierra de relleno cerca de usted? Echa un vistazo a lo que tenemos que ofrecer a continuaci\u00f3n. Vamos a programar hoy.<\/p>\n<p>[\/et_pb_text][\/et_pb_column][\/et_pb_row][\/et_pb_section][et_pb_section fb_built=&#8221;1&#8243; _builder_version=&#8221;4.20.2&#8243; _module_preset=&#8221;default&#8221; custom_padding=&#8221;8px|||||&#8221; global_colors_info=&#8221;{}&#8221;][et_pb_row column_structure=&#8221;1_2,1_2&#8243; _builder_version=&#8221;4.17.4&#8243; _module_preset=&#8221;default&#8221; max_width=&#8221;1200px&#8221; global_colors_info=&#8221;{}&#8221;][et_pb_column type=&#8221;1_2&#8243; _builder_version=&#8221;4.17.4&#8243; _module_preset=&#8221;default&#8221; global_colors_info=&#8221;{}&#8221;][et_pb_image src=&#8221;https:\/\/topsoil.rocks\/wp-content\/uploads\/2023\/03\/Verticle-Truck-smaller.jpg&#8221; title_text=&#8221;Verticle Truck smaller&#8221; align=&#8221;center&#8221; _builder_version=&#8221;4.20.2&#8243; _module_preset=&#8221;default&#8221; custom_margin=&#8221;105px||||false|false&#8221; custom_margin_tablet=&#8221;15px||||false|false&#8221; custom_margin_phone=&#8221;15px||||false|false&#8221; custom_margin_last_edited=&#8221;on|desktop&#8221; border_width_all=&#8221;6px&#8221; border_color_all=&#8221;#FFFFFF&#8221; box_shadow_style=&#8221;preset1&#8243; global_colors_info=&#8221;{}&#8221;][\/et_pb_image][\/et_pb_column][et_pb_column type=&#8221;1_2&#8243; _builder_version=&#8221;4.17.4&#8243; _module_preset=&#8221;default&#8221; global_colors_info=&#8221;{}&#8221;][et_pb_text _builder_version=&#8221;4.20.2&#8243; _module_preset=&#8221;default&#8221; text_font=&#8221;Roboto|700|||||||&#8221; text_text_color=&#8221;#000000&#8243; text_font_size=&#8221;31px&#8221; text_line_height=&#8221;1.8em&#8221; header_font=&#8221;Roboto|700|||||||&#8221; header_text_align=&#8221;center&#8221; header_text_color=&#8221;#000000&#8243; header_font_size=&#8221;57px&#8221; header_2_font=&#8221;Roboto||||||||&#8221; header_2_text_align=&#8221;center&#8221; header_2_text_color=&#8221;#000000&#8243; header_2_font_size=&#8221;35px&#8221; header_2_line_height=&#8221;1.2em&#8221; custom_margin=&#8221;150px||||false|false&#8221; custom_margin_tablet=&#8221;60px||||false|false&#8221; custom_margin_phone=&#8221;60px||||false|false&#8221; custom_margin_last_edited=&#8221;on|desktop&#8221; header_font_size_tablet=&#8221;57px&#8221; header_font_size_phone=&#8221;57px&#8221; header_font_size_last_edited=&#8221;on|desktop&#8221; header_2_font_size_tablet=&#8221;35px&#8221; header_2_font_size_phone=&#8221;35px&#8221; header_2_font_size_last_edited=&#8221;on|phone&#8221; text_orientation_tablet=&#8221;&#8221; text_orientation_phone=&#8221;center&#8221; text_orientation_last_edited=&#8221;on|phone&#8221; global_colors_info=&#8221;{}&#8221;]<\/p>\n<h2>\u00bfPara qu\u00e9 proyectos sirve la tierra de relleno?<\/h2>\n<p>[\/et_pb_text][et_pb_text _builder_version=&#8221;4.17.4&#8243; _module_preset=&#8221;default&#8221; text_font=&#8221;Roboto||||||||&#8221; text_text_color=&#8221;#000000&#8243; text_font_size=&#8221;20px&#8221; text_line_height=&#8221;1.8em&#8221; global_colors_info=&#8221;{}&#8221;]<\/p>\n<p>La tierra de relleno es excelente para arreglar grandes problemas de nivelaci\u00f3n, rellenar agujeros, elevar los niveles de la propiedad y mucho m\u00e1s. Si s\u00f3lo necesita tierra, no importa lo que sea, este es el material. Le conseguimos un buen precio en el material para ayudarle a ahorrar en costes.<\/p>\n<p>Si desea elevar el nivel de su terreno por debajo de 15 cm, la tierra vegetal suele ser el producto adecuado. Si necesita m\u00e1s de 15 cm, dependiendo del trabajo, puede considerar pedir tierra de relleno. La tierra de relleno tiene rocas y terrones de tierra que son grandes para la estabilidad, pero no es bueno para el c\u00e9sped.\u00a0<\/p>\n<p>[\/et_pb_text][et_pb_button button_url=&#8221;https:\/\/topsoil.rocks\/soil-near-me\/&#8221; button_text=&#8221;Get Pricing&#8221; button_alignment=&#8221;center&#8221; _builder_version=&#8221;4.24.2&#8243; _module_preset=&#8221;default&#8221; custom_button=&#8221;on&#8221; button_text_size=&#8221;25px&#8221; button_text_color=&#8221;#000000&#8243; hover_enabled=&#8221;0&#8243; box_shadow_style=&#8221;preset1&#8243; box_shadow_color=&#8221;rgba(0,0,0,0.15)&#8221; global_colors_info=&#8221;{%22gcid-5435163f-56cc-448f-8309-5112f0f640d7%22:%91%22button_bg_color__hover%22%93}&#8221; button_bg_color__hover_enabled=&#8221;on|hover&#8221; button_bg_color__hover=&#8221;#1a6cb3&#8243; button_bg_enable_color__hover=&#8221;on&#8221; button_text_color__hover_enabled=&#8221;on|desktop&#8221; button_text_color__hover=&#8221;#FFFFFF&#8221; sticky_enabled=&#8221;0&#8243;][\/et_pb_button][\/et_pb_column][\/et_pb_row][\/et_pb_section][et_pb_section fb_built=&#8221;1&#8243; _builder_version=&#8221;4.17.4&#8243; _module_preset=&#8221;default&#8221; background_color=&#8221;gcid-2b0c6dc0-cf6c-457f-b055-6e31ca673dfb&#8221; box_shadow_style=&#8221;preset1&#8243; global_colors_info=&#8221;{%22gcid-2b0c6dc0-cf6c-457f-b055-6e31ca673dfb%22:%91%22background_color%22%93}&#8221;][et_pb_row _builder_version=&#8221;4.17.4&#8243; _module_preset=&#8221;default&#8221; global_colors_info=&#8221;{}&#8221;][et_pb_column type=&#8221;4_4&#8243; _builder_version=&#8221;4.17.4&#8243; _module_preset=&#8221;default&#8221; global_colors_info=&#8221;{}&#8221;][et_pb_text _builder_version=&#8221;4.20.2&#8243; _module_preset=&#8221;default&#8221; text_font=&#8221;Roboto|700|||||||&#8221; text_text_color=&#8221;#FFFFFF&#8221; text_font_size=&#8221;35px&#8221; text_line_height=&#8221;1.8em&#8221; header_2_font=&#8221;Roboto||||||||&#8221; header_2_text_align=&#8221;center&#8221; header_2_text_color=&#8221;#FFFFFF&#8221; header_2_font_size=&#8221;40px&#8221; header_2_line_height=&#8221;1.4em&#8221; text_orientation=&#8221;center&#8221; header_2_font_size_tablet=&#8221;40px&#8221; header_2_font_size_phone=&#8221;30px&#8221; header_2_font_size_last_edited=&#8221;on|phone&#8221; global_colors_info=&#8221;{}&#8221;]<\/p>\n<h2>\u00bfNecesita ayuda para medir la tierra de relleno?<\/h2>\n<p>[\/et_pb_text][et_pb_text _builder_version=&#8221;4.17.4&#8243; _module_preset=&#8221;default&#8221; text_font=&#8221;Roboto||||||||&#8221; text_text_color=&#8221;#FFFFFF&#8221; text_font_size=&#8221;20px&#8221; text_line_height=&#8221;1.8em&#8221; text_orientation=&#8221;center&#8221; custom_margin=&#8221;-20px||||false|false&#8221; custom_margin_tablet=&#8221;-20px||||false|false&#8221; custom_margin_phone=&#8221;-20px||||false|false&#8221; custom_margin_last_edited=&#8221;on|desktop&#8221; global_colors_info=&#8221;{}&#8221;]<\/p>\n<p>La tierra de relleno tiene piedras y terrones de tierra para ayudar con la estructura, no cribado.<\/p>\n<p>[\/et_pb_text][et_pb_button button_url=&#8221;https:\/\/topsoil.rocks\/material-calculator\/&#8221; button_text=&#8221;Material Calculator&#8221; button_alignment=&#8221;center&#8221; _builder_version=&#8221;4.20.2&#8243; _module_preset=&#8221;default&#8221; custom_button=&#8221;on&#8221; button_text_size=&#8221;25px&#8221; button_text_color=&#8221;#FFFFFF&#8221; box_shadow_style=&#8221;preset1&#8243; global_colors_info=&#8221;{%22gcid-5435163f-56cc-448f-8309-5112f0f640d7%22:%91%22button_bg_color__hover%22%93}&#8221; button_bg_color__hover_enabled=&#8221;on|hover&#8221; button_bg_color__hover=&#8221;#1a6cb3&#8243; button_bg_enable_color__hover=&#8221;on&#8221;][\/et_pb_button][\/et_pb_column][\/et_pb_row][\/et_pb_section][et_pb_section fb_built=&#8221;1&#8243; _builder_version=&#8221;4.17.4&#8243; _module_preset=&#8221;default&#8221; global_colors_info=&#8221;{}&#8221;][et_pb_row column_structure=&#8221;1_2,1_2&#8243; _builder_version=&#8221;4.17.4&#8243; _module_preset=&#8221;default&#8221; global_colors_info=&#8221;{}&#8221;][et_pb_column type=&#8221;1_2&#8243; _builder_version=&#8221;4.17.4&#8243; _module_preset=&#8221;default&#8221; global_colors_info=&#8221;{}&#8221;][et_pb_text _builder_version=&#8221;4.17.4&#8243; _module_preset=&#8221;default&#8221; text_font=&#8221;Roboto|700|||||||&#8221; text_text_color=&#8221;#000000&#8243; text_font_size=&#8221;36px&#8221; text_line_height=&#8221;1.8em&#8221; text_orientation=&#8221;center&#8221; global_colors_info=&#8221;{}&#8221;]<\/p>\n<p>Preguntas frecuentes<\/p>\n<p>[\/et_pb_text][et_pb_accordion _builder_version=&#8221;4.17.4&#8243; _module_preset=&#8221;default&#8221; global_colors_info=&#8221;{}&#8221;][et_pb_accordion_item title=&#8221;Do You Do Bulk Discounts?&#8221; open=&#8221;on&#8221; _builder_version=&#8221;4.17.4&#8243; _module_preset=&#8221;default&#8221; global_colors_info=&#8221;{}&#8221;]<\/p>\n<p>En trabajos con muchas cargas, no dude en ponerse en contacto con nosotros. Dependiendo del lugar de trabajo y el plazo, haremos todo lo posible para elaborar una oferta competitiva para usted.<\/p>\n<p>[\/et_pb_accordion_item][et_pb_accordion_item title=&#8221;Do you do haul off if I have dirt I need to get rid of?&#8221; _builder_version=&#8221;4.17.4&#8243; _module_preset=&#8221;default&#8221; global_colors_info=&#8221;{}&#8221; open=&#8221;off&#8221;]<\/p>\n<p>P\u00f3ngase en contacto con nosotros si necesita deshacerse de la suciedad. La disponibilidad puede variar.<\/p>\n<p>[\/et_pb_accordion_item][\/et_pb_accordion][\/et_pb_column][et_pb_column type=&#8221;1_2&#8243; _builder_version=&#8221;4.17.4&#8243; _module_preset=&#8221;default&#8221; global_colors_info=&#8221;{}&#8221;][et_pb_accordion _builder_version=&#8221;4.17.4&#8243; _module_preset=&#8221;default&#8221; global_colors_info=&#8221;{}&#8221;][et_pb_accordion_item title=&#8221;Can You Dump In My Back Yard?&#8221; open=&#8221;off&#8221; _builder_version=&#8221;4.17.4&#8243; _module_preset=&#8221;default&#8221; global_colors_info=&#8221;{}&#8221;]<\/p>\n<p>Estaremos encantados de verter donde mejor le convenga. No nos hacemos responsables por el concreto roto. Al verter en patios traseros, entender el cami\u00f3n es de unos 10 pies de ancho, alrededor de 12 pies de alto y largo. Esto hace que tomar curvas cerradas muy dif\u00edcil.<\/p>\n<p>[\/et_pb_accordion_item][et_pb_accordion_item title=&#8221;How Many Yards Can Your Truck Hold?&#8221; _builder_version=&#8221;4.17.4&#8243; _module_preset=&#8221;default&#8221; global_colors_info=&#8221;{}&#8221; open=&#8221;off&#8221;]<\/p>\n<p>Tenemos 3 camiones, nuestro cami\u00f3n peque\u00f1o tiene capacidad para 4 yardas, nuestro cami\u00f3n regular tiene capacidad para 15 yardas y nuestros volquetes laterales tienen capacidad para 24 yardas. Los precios se enumeran m\u00e1s arriba.<\/p>\n<p>[\/et_pb_accordion_item][et_pb_accordion_item title=&#8221;What Time Do You Deliver?&#8221; _builder_version=&#8221;4.17.4&#8243; _module_preset=&#8221;default&#8221; global_colors_info=&#8221;{}&#8221; open=&#8221;on&#8221;]<\/p>\n<p>We deliver between 8am and 6pm. If you are needing the dirt early, we recommend getting it the day before.<\/p>\n<p>[\/et_pb_accordion_item][\/et_pb_accordion][\/et_pb_column][\/et_pb_row][\/et_pb_section]<\/p>","protected":false},"excerpt":{"rendered":"<p>Fill Dirt Near MeNeeding fill dirt near you? Check out what we have to offer below. Let&#8217;s get you scheduled today.What Projects Is Fill Dirt Good For?Fill dirt is excellent for fixing major grading issues, filling holes, raising property levels and more. If you just need dirt that doesn&#8217;t matter what it is, this is [&hellip;]<\/p>","protected":false},"author":1,"featured_media":0,"parent":0,"menu_order":0,"comment_status":"closed","ping_status":"closed","template":"","meta":{"_et_pb_use_builder":"on","_et_pb_old_content":"","_et_gb_content_width":"","footnotes":""},"class_list":["post-60","page","type-page","status-publish","hentry"],"yoast_head":"<!-- This site is optimized with the Yoast SEO plugin v23.1 - https:\/\/yoast.com\/wordpress\/plugins\/seo\/ -->\n<title>Fill Dirt Near Me - Delivery - Affordable Prices<\/title>\n<meta name=\"description\" content=\"Do you need fill dirt near you delivered? We have you covered. Whether you need a big or a small order, we have different sized trucks\" \/>\n<meta name=\"robots\" content=\"index, follow, max-snippet:-1, max-image-preview:large, max-video-preview:-1\" \/>\n<link rel=\"canonical\" href=\"https:\/\/topsoil.rocks\/es\/fill-dirt-near-me\/\" \/>\n<meta property=\"og:locale\" content=\"es_MX\" \/>\n<meta property=\"og:type\" content=\"article\" \/>\n<meta property=\"og:title\" content=\"Fill Dirt Near Me - Delivery - Affordable Prices\" \/>\n<meta property=\"og:description\" content=\"Do you need fill dirt near you delivered? We have you covered. Whether you need a big or a small order, we have different sized trucks\" \/>\n<meta property=\"og:url\" content=\"https:\/\/topsoil.rocks\/es\/fill-dirt-near-me\/\" \/>\n<meta property=\"og:site_name\" content=\"Topsoil.Rocks\" \/>\n<meta property=\"article:modified_time\" content=\"2024-03-02T03:06:15+00:00\" \/>\n<meta property=\"og:image\" content=\"https:\/\/topsoil.rocks\/wp-content\/uploads\/2023\/03\/Side-image.jpg\" \/>\n\t<meta property=\"og:image:width\" content=\"500\" \/>\n\t<meta property=\"og:image:height\" content=\"357\" \/>\n\t<meta property=\"og:image:type\" content=\"image\/jpeg\" \/>\n<meta name=\"twitter:card\" content=\"summary_large_image\" \/>\n<meta name=\"twitter:label1\" content=\"Tiempo de lectura\" \/>\n\t<meta name=\"twitter:data1\" content=\"4 minutos\" \/>\n<script type=\"application\/ld+json\" class=\"yoast-schema-graph\">{\"@context\":\"https:\/\/schema.org\",\"@graph\":[{\"@type\":\"WebPage\",\"@id\":\"https:\/\/topsoil.rocks\/fill-dirt-near-me\/\",\"url\":\"https:\/\/topsoil.rocks\/fill-dirt-near-me\/\",\"name\":\"Fill Dirt Near Me - Delivery - Affordable Prices\",\"isPartOf\":{\"@id\":\"https:\/\/topsoil.rocks\/#website\"},\"datePublished\":\"2023-03-22T21:02:35+00:00\",\"dateModified\":\"2024-03-02T03:06:15+00:00\",\"description\":\"Do you need fill dirt near you delivered? We have you covered. Whether you need a big or a small order, we have different sized trucks\",\"breadcrumb\":{\"@id\":\"https:\/\/topsoil.rocks\/fill-dirt-near-me\/#breadcrumb\"},\"inLanguage\":\"es\",\"potentialAction\":[{\"@type\":\"ReadAction\",\"target\":[\"https:\/\/topsoil.rocks\/fill-dirt-near-me\/\"]}]},{\"@type\":\"BreadcrumbList\",\"@id\":\"https:\/\/topsoil.rocks\/fill-dirt-near-me\/#breadcrumb\",\"itemListElement\":[{\"@type\":\"ListItem\",\"position\":1,\"name\":\"Home\",\"item\":\"https:\/\/topsoil.rocks\/\"},{\"@type\":\"ListItem\",\"position\":2,\"name\":\"Fill Dirt Near Me\"}]},{\"@type\":\"WebSite\",\"@id\":\"https:\/\/topsoil.rocks\/#website\",\"url\":\"https:\/\/topsoil.rocks\/\",\"name\":\"Topsoil.Rocks\",\"description\":\"Your Local Landscape Delivery Service\",\"publisher\":{\"@id\":\"https:\/\/topsoil.rocks\/#organization\"},\"potentialAction\":[{\"@type\":\"SearchAction\",\"target\":{\"@type\":\"EntryPoint\",\"urlTemplate\":\"https:\/\/topsoil.rocks\/?s={search_term_string}\"},\"query-input\":\"required name=search_term_string\"}],\"inLanguage\":\"es\"},{\"@type\":\"Organization\",\"@id\":\"https:\/\/topsoil.rocks\/#organization\",\"name\":\"Topsoil.Rocks\",\"url\":\"https:\/\/topsoil.rocks\/\",\"logo\":{\"@type\":\"ImageObject\",\"inLanguage\":\"es\",\"@id\":\"https:\/\/topsoil.rocks\/#\/schema\/logo\/image\/\",\"url\":\"https:\/\/topsoil.rocks\/wp-content\/uploads\/2023\/03\/superr-small-logo.png\",\"contentUrl\":\"https:\/\/topsoil.rocks\/wp-content\/uploads\/2023\/03\/superr-small-logo.png\",\"width\":250,\"height\":88,\"caption\":\"Topsoil.Rocks\"},\"image\":{\"@id\":\"https:\/\/topsoil.rocks\/#\/schema\/logo\/image\/\"}}]}<\/script>\n<!-- \/ Yoast SEO plugin. -->","yoast_head_json":{"title":"Fill Dirt Near Me - Delivery - Affordable Prices","description":"Do you need fill dirt near you delivered? We have you covered. Whether you need a big or a small order, we have different sized trucks","robots":{"index":"index","follow":"follow","max-snippet":"max-snippet:-1","max-image-preview":"max-image-preview:large","max-video-preview":"max-video-preview:-1"},"canonical":"https:\/\/topsoil.rocks\/es\/fill-dirt-near-me\/","og_locale":"es_MX","og_type":"article","og_title":"Fill Dirt Near Me - Delivery - Affordable Prices","og_description":"Do you need fill dirt near you delivered? We have you covered. Whether you need a big or a small order, we have different sized trucks","og_url":"https:\/\/topsoil.rocks\/es\/fill-dirt-near-me\/","og_site_name":"Topsoil.Rocks","article_modified_time":"2024-03-02T03:06:15+00:00","og_image":[{"width":500,"height":357,"url":"https:\/\/topsoil.rocks\/wp-content\/uploads\/2023\/03\/Side-image.jpg","type":"image\/jpeg"}],"twitter_card":"summary_large_image","twitter_misc":{"Tiempo de lectura":"4 minutos"},"schema":{"@context":"https:\/\/schema.org","@graph":[{"@type":"WebPage","@id":"https:\/\/topsoil.rocks\/fill-dirt-near-me\/","url":"https:\/\/topsoil.rocks\/fill-dirt-near-me\/","name":"Fill Dirt Near Me - Delivery - Affordable Prices","isPartOf":{"@id":"https:\/\/topsoil.rocks\/#website"},"datePublished":"2023-03-22T21:02:35+00:00","dateModified":"2024-03-02T03:06:15+00:00","description":"Do you need fill dirt near you delivered? We have you covered. Whether you need a big or a small order, we have different sized trucks","breadcrumb":{"@id":"https:\/\/topsoil.rocks\/fill-dirt-near-me\/#breadcrumb"},"inLanguage":"es","potentialAction":[{"@type":"ReadAction","target":["https:\/\/topsoil.rocks\/fill-dirt-near-me\/"]}]},{"@type":"BreadcrumbList","@id":"https:\/\/topsoil.rocks\/fill-dirt-near-me\/#breadcrumb","itemListElement":[{"@type":"ListItem","position":1,"name":"Home","item":"https:\/\/topsoil.rocks\/"},{"@type":"ListItem","position":2,"name":"Fill Dirt Near Me"}]},{"@type":"WebSite","@id":"https:\/\/topsoil.rocks\/#website","url":"https:\/\/topsoil.rocks\/","name":"Topsoil.Rocks","description":"Your Local Landscape Delivery Service","publisher":{"@id":"https:\/\/topsoil.rocks\/#organization"},"potentialAction":[{"@type":"SearchAction","target":{"@type":"EntryPoint","urlTemplate":"https:\/\/topsoil.rocks\/?s={search_term_string}"},"query-input":"required name=search_term_string"}],"inLanguage":"es"},{"@type":"Organization","@id":"https:\/\/topsoil.rocks\/#organization","name":"Topsoil.Rocks","url":"https:\/\/topsoil.rocks\/","logo":{"@type":"ImageObject","inLanguage":"es","@id":"https:\/\/topsoil.rocks\/#\/schema\/logo\/image\/","url":"https:\/\/topsoil.rocks\/wp-content\/uploads\/2023\/03\/superr-small-logo.png","contentUrl":"https:\/\/topsoil.rocks\/wp-content\/uploads\/2023\/03\/superr-small-logo.png","width":250,"height":88,"caption":"Topsoil.Rocks"},"image":{"@id":"https:\/\/topsoil.rocks\/#\/schema\/logo\/image\/"}}]}},"_links":{"self":[{"href":"https:\/\/topsoil.rocks\/es\/wp-json\/wp\/v2\/pages\/60","targetHints":{"allow":["GET"]}}],"collection":[{"href":"https:\/\/topsoil.rocks\/es\/wp-json\/wp\/v2\/pages"}],"about":[{"href":"https:\/\/topsoil.rocks\/es\/wp-json\/wp\/v2\/types\/page"}],"author":[{"embeddable":true,"href":"https:\/\/topsoil.rocks\/es\/wp-json\/wp\/v2\/users\/1"}],"replies":[{"embeddable":true,"href":"https:\/\/topsoil.rocks\/es\/wp-json\/wp\/v2\/comments?post=60"}],"version-history":[{"count":15,"href":"https:\/\/topsoil.rocks\/es\/wp-json\/wp\/v2\/pages\/60\/revisions"}],"predecessor-version":[{"id":780,"href":"https:\/\/topsoil.rocks\/es\/wp-json\/wp\/v2\/pages\/60\/revisions\/780"}],"wp:attachment":[{"href":"https:\/\/topsoil.rocks\/es\/wp-json\/wp\/v2\/media?parent=60"}],"curies":[{"name":"wp","href":"https:\/\/api.w.org\/{rel}","templated":true}]}}