{"id":80,"date":"2023-03-22T22:16:54","date_gmt":"2023-03-22T22:16:54","guid":{"rendered":"https:\/\/topsoil.rocks\/?page_id=80"},"modified":"2024-03-02T00:47:04","modified_gmt":"2024-03-02T00:47:04","slug":"get-a-quote","status":"publish","type":"page","link":"https:\/\/topsoil.rocks\/es\/get-a-quote\/","title":{"rendered":"Solicitar presupuesto"},"content":{"rendered":"<p>[et_pb_section fb_built=&#8221;1&#8243; custom_padding_last_edited=&#8221;on|tablet&#8221; _builder_version=&#8221;4.20.2&#8243; _module_preset=&#8221;default&#8221; background_image=&#8221;https:\/\/topsoil.rocks\/wp-content\/uploads\/2023\/03\/Topsoil-Plant-super-wide-small.jpg&#8221; custom_padding=&#8221;||444px|||&#8221; custom_padding_tablet=&#8221;||75px||false|false&#8221; custom_padding_phone=&#8221;||50px||false|false&#8221; box_shadow_style=&#8221;preset1&#8243; global_colors_info=&#8221;{}&#8221;][et_pb_row custom_padding_last_edited=&#8221;on|desktop&#8221; _builder_version=&#8221;4.17.4&#8243; _module_preset=&#8221;default&#8221; background_color=&#8221;rgba(0,0,0,0.59)&#8221; max_width=&#8221;800px&#8221; custom_margin=&#8221;40px||||false|false&#8221; custom_margin_tablet=&#8221;40px||||false|false&#8221; custom_margin_phone=&#8221;40px||||false|false&#8221; custom_margin_last_edited=&#8221;on|desktop&#8221; custom_padding=&#8221;57px||57px||true|false&#8221; custom_padding_tablet=&#8221;57px||57px||true|false&#8221; custom_padding_phone=&#8221;57px||57px||true|false&#8221; border_width_all=&#8221;3px&#8221; border_color_all=&#8221;#FFFFFF&#8221; global_colors_info=&#8221;{}&#8221;][et_pb_column type=&#8221;4_4&#8243; _builder_version=&#8221;4.17.4&#8243; _module_preset=&#8221;default&#8221; global_colors_info=&#8221;{}&#8221;][et_pb_text _builder_version=&#8221;4.20.2&#8243; _module_preset=&#8221;default&#8221; text_font=&#8221;Roboto|700|||||||&#8221; text_text_color=&#8221;#FFFFFF&#8221; text_font_size=&#8221;91px&#8221; text_line_height=&#8221;1.8em&#8221; text_orientation=&#8221;center&#8221; text_font_size_tablet=&#8221;91px&#8221; text_font_size_phone=&#8221;50px&#8221; text_font_size_last_edited=&#8221;on|phone&#8221; global_colors_info=&#8221;{}&#8221;]<\/p>\n<p>Solicitar presupuesto<\/p>\n<p>[\/et_pb_text][et_pb_text _builder_version=&#8221;4.21.0&#8243; _module_preset=&#8221;default&#8221; text_font=&#8221;Roboto||||||||&#8221; text_text_color=&#8221;#FFFFFF&#8221; text_font_size=&#8221;35px&#8221; text_orientation=&#8221;center&#8221; global_colors_info=&#8221;{}&#8221;]<\/p>\n<p>(385) 335-5402<\/p>\n<p>[\/et_pb_text][\/et_pb_column][\/et_pb_row][\/et_pb_section][et_pb_section fb_built=&#8221;1&#8243; _builder_version=&#8221;4.17.4&#8243; _module_preset=&#8221;default&#8221; global_colors_info=&#8221;{}&#8221;][et_pb_row _builder_version=&#8221;4.24.2&#8243; _module_preset=&#8221;default&#8221; max_width=&#8221;800px&#8221; border_width_all=&#8221;4px&#8221; global_colors_info=&#8221;{}&#8221;][et_pb_column type=&#8221;4_4&#8243; _builder_version=&#8221;4.17.4&#8243; _module_preset=&#8221;default&#8221; global_colors_info=&#8221;{}&#8221;][et_pb_text _builder_version=&#8221;4.24.2&#8243; _module_preset=&#8221;default&#8221; header_2_font=&#8221;Roboto||||||||&#8221; header_2_text_align=&#8221;center&#8221; header_2_text_color=&#8221;#000000&#8243; header_2_font_size=&#8221;40px&#8221; global_colors_info=&#8221;{}&#8221;]<\/p>\n<h2>How to Get Pricing<\/h2>\n<p>[\/et_pb_text][et_pb_text _builder_version=&#8221;4.24.2&#8243; _module_preset=&#8221;default&#8221; text_font=&#8221;Roboto||||||||&#8221; text_text_color=&#8221;#000000&#8243; text_font_size=&#8221;20px&#8221; text_line_height=&#8221;1.8em&#8221; custom_margin=&#8221;|10px||10px|false|true&#8221; custom_padding=&#8221;|10px||10px|false|true&#8221; global_colors_info=&#8221;{}&#8221;]<\/p>\n<p>All pricing is below our products on each page. We recommend looking there for the fastest answers. If you have a special project you would like a big on, fill out the form below.<\/p>\n<p>[\/et_pb_text][\/et_pb_column][\/et_pb_row][et_pb_row _builder_version=&#8221;4.17.4&#8243; _module_preset=&#8221;default&#8221; global_colors_info=&#8221;{}&#8221;][et_pb_column type=&#8221;4_4&#8243; _builder_version=&#8221;4.17.4&#8243; _module_preset=&#8221;default&#8221; global_colors_info=&#8221;{}&#8221;][et_pb_code _builder_version=&#8221;4.17.4&#8243; _module_preset=&#8221;default&#8221; global_colors_info=&#8221;{}&#8221;]<script type=\"text\/javascript\" src=\"https:\/\/form.jotform.com\/jsform\/230735856405055\"><\/script>[\/et_pb_code][\/et_pb_column][\/et_pb_row][\/et_pb_section][et_pb_section fb_built=&#8221;1&#8243; _builder_version=&#8221;4.17.4&#8243; _module_preset=&#8221;default&#8221; box_shadow_style=&#8221;preset6&#8243; global_colors_info=&#8221;{}&#8221;][et_pb_row column_structure=&#8221;1_2,1_2&#8243; _builder_version=&#8221;4.17.4&#8243; _module_preset=&#8221;default&#8221; global_colors_info=&#8221;{}&#8221;][et_pb_column type=&#8221;1_2&#8243; _builder_version=&#8221;4.17.4&#8243; _module_preset=&#8221;default&#8221; global_colors_info=&#8221;{}&#8221;][et_pb_image src=&#8221;https:\/\/topsoil.rocks\/wp-content\/uploads\/2023\/03\/Map-with-city-names-green-highlights-smaller-1.jpg&#8221; title_text=&#8221;Map with city names, green highlights smaller&#8221; align=&#8221;center&#8221; _builder_version=&#8221;4.20.2&#8243; _module_preset=&#8221;default&#8221; border_width_all=&#8221;6px&#8221; border_color_all=&#8221;#FFFFFF&#8221; box_shadow_style=&#8221;preset1&#8243; global_colors_info=&#8221;{}&#8221;][\/et_pb_image][\/et_pb_column][et_pb_column type=&#8221;1_2&#8243; _builder_version=&#8221;4.17.4&#8243; _module_preset=&#8221;default&#8221; global_colors_info=&#8221;{}&#8221;][et_pb_text _builder_version=&#8221;4.20.2&#8243; _module_preset=&#8221;default&#8221; text_font=&#8221;Roboto|700|||||||&#8221; text_text_color=&#8221;#000000&#8243; text_font_size=&#8221;50px&#8221; text_orientation=&#8221;center&#8221; custom_margin=&#8221;133px||||false|false&#8221; custom_margin_tablet=&#8221;20px||||false|false&#8221; custom_margin_phone=&#8221;25px||||false|false&#8221; custom_margin_last_edited=&#8221;on|tablet&#8221; global_colors_info=&#8221;{}&#8221;]<\/p>\n<p>Zona de entrega<\/p>\n<p>[\/et_pb_text][et_pb_text _builder_version=&#8221;4.17.4&#8243; _module_preset=&#8221;default&#8221; text_font=&#8221;Roboto||||||||&#8221; text_text_color=&#8221;#000000&#8243; text_font_size=&#8221;20px&#8221; text_line_height=&#8221;1.8em&#8221; global_colors_info=&#8221;{}&#8221;]<\/p>\n<p>Entregamos material desde West Jordan hasta Santaquin. Sacamos material de Nephi y luego todo el camino hasta en el condado de Salt Lake. Nos encanta poder ayudar a todo el Condado de Utah y parte del Condado de Salt Lake. Debido a que son asequibles en el lado material, y dar a nuestros mejores precios en el transporte por carretera, nuestro objetivo es asegurarse de paisajismo es asequible para todos.<\/p>\n<p>El transporte por carretera puede ser dif\u00edcil de averiguar con algunas empresas. Hacemos tarifas fijas para asegurar que incluso si hay tr\u00e1fico, usted pagar\u00e1 el mismo precio asequible. Contacte con nosotros para un presupuesto hoy.<\/p>\n<p>[\/et_pb_text][\/et_pb_column][\/et_pb_row][\/et_pb_section][et_pb_section fb_built=&#8221;1&#8243; _builder_version=&#8221;4.20.2&#8243; _module_preset=&#8221;default&#8221; background_image=&#8221;https:\/\/topsoil.rocks\/wp-content\/uploads\/2023\/03\/Ariel-photo-vineyard-ultra-wide-small.jpg&#8221; global_colors_info=&#8221;{}&#8221;][et_pb_row _builder_version=&#8221;4.17.4&#8243; _module_preset=&#8221;default&#8221; background_color=&#8221;gcid-dd6d4d4a-3d2c-4379-b04b-ca39fb61961c&#8221; width=&#8221;90%&#8221; max_width=&#8221;1250px&#8221; custom_padding=&#8221;27px|||||&#8221; border_width_all=&#8221;3px&#8221; border_color_all=&#8221;#FFFFFF&#8221; global_colors_info=&#8221;{%22gcid-dd6d4d4a-3d2c-4379-b04b-ca39fb61961c%22:%91%22background_color%22%93}&#8221;][et_pb_column type=&#8221;4_4&#8243; _builder_version=&#8221;4.17.4&#8243; _module_preset=&#8221;default&#8221; global_colors_info=&#8221;{}&#8221;][et_pb_text _builder_version=&#8221;4.24.2&#8243; _module_preset=&#8221;default&#8221; text_font=&#8221;Roboto||||||||&#8221; text_text_color=&#8221;#FFFFFF&#8221; text_font_size=&#8221;32px&#8221; text_line_height=&#8221;1.8em&#8221; text_orientation=&#8221;center&#8221; hover_enabled=&#8221;0&#8243; global_colors_info=&#8221;{}&#8221; sticky_enabled=&#8221;0&#8243;]<\/p>\n<p>Looking For a Specific Product? Contact Us Today.<\/p>\n<p>[\/et_pb_text][et_pb_button button_url=&#8221;https:\/\/topsoil.rocks\/contact-us\/&#8221; button_text=&#8221;Contact&#8221; button_alignment=&#8221;center&#8221; _builder_version=&#8221;4.24.2&#8243; _module_preset=&#8221;default&#8221; custom_button=&#8221;on&#8221; button_text_size=&#8221;25px&#8221; button_text_color=&#8221;#FFFFFF&#8221; button_font=&#8221;Roboto||||||||&#8221; hover_enabled=&#8221;0&#8243; global_colors_info=&#8221;{}&#8221; sticky_enabled=&#8221;0&#8243;][\/et_pb_button][\/et_pb_column][\/et_pb_row][\/et_pb_section]<\/p>","protected":false},"excerpt":{"rendered":"<p>Get a Quote(385) 335-5402How to Get PricingAll pricing is below our products on each page. We recommend looking there for the fastest answers. If you have a special project you would like a big on, fill out the form below.Delivery AreaWe deliver material from West Jordan down to Santaquin. We pull material from Nephi and [&hellip;]<\/p>","protected":false},"author":1,"featured_media":0,"parent":0,"menu_order":0,"comment_status":"closed","ping_status":"closed","template":"","meta":{"_et_pb_use_builder":"on","_et_pb_old_content":"","_et_gb_content_width":"","footnotes":""},"class_list":["post-80","page","type-page","status-publish","hentry"],"yoast_head":"<!-- This site is optimized with the Yoast SEO plugin v23.1 - https:\/\/yoast.com\/wordpress\/plugins\/seo\/ -->\n<title>Get a Quote - Fast Easy Pricing - (801) 800-1107<\/title>\n<meta name=\"description\" content=\"Need to get a quote from Topsoil.Rocks? We make it easy. Call, text, or fill out a form on our website and watch how fast we respond.\" \/>\n<meta name=\"robots\" content=\"index, follow, max-snippet:-1, max-image-preview:large, max-video-preview:-1\" \/>\n<link rel=\"canonical\" href=\"https:\/\/topsoil.rocks\/es\/get-a-quote\/\" \/>\n<meta property=\"og:locale\" content=\"es_MX\" \/>\n<meta property=\"og:type\" content=\"article\" \/>\n<meta property=\"og:title\" content=\"Get a Quote - Fast Easy Pricing - (801) 800-1107\" \/>\n<meta property=\"og:description\" content=\"Need to get a quote from Topsoil.Rocks? We make it easy. Call, text, or fill out a form on our website and watch how fast we respond.\" \/>\n<meta property=\"og:url\" content=\"https:\/\/topsoil.rocks\/es\/get-a-quote\/\" \/>\n<meta property=\"og:site_name\" content=\"Topsoil.Rocks\" \/>\n<meta property=\"article:modified_time\" content=\"2024-03-02T00:47:04+00:00\" \/>\n<meta property=\"og:image\" content=\"https:\/\/topsoil.rocks\/wp-content\/uploads\/2023\/03\/Side-image.jpg\" \/>\n\t<meta property=\"og:image:width\" content=\"500\" \/>\n\t<meta property=\"og:image:height\" content=\"357\" \/>\n\t<meta property=\"og:image:type\" content=\"image\/jpeg\" \/>\n<meta name=\"twitter:card\" content=\"summary_large_image\" \/>\n<meta name=\"twitter:label1\" content=\"Tiempo de lectura\" \/>\n\t<meta name=\"twitter:data1\" content=\"2 minutos\" \/>\n<script type=\"application\/ld+json\" class=\"yoast-schema-graph\">{\"@context\":\"https:\/\/schema.org\",\"@graph\":[{\"@type\":\"WebPage\",\"@id\":\"https:\/\/topsoil.rocks\/get-a-quote\/\",\"url\":\"https:\/\/topsoil.rocks\/get-a-quote\/\",\"name\":\"Get a Quote - Fast Easy Pricing - (801) 800-1107\",\"isPartOf\":{\"@id\":\"https:\/\/topsoil.rocks\/#website\"},\"datePublished\":\"2023-03-22T22:16:54+00:00\",\"dateModified\":\"2024-03-02T00:47:04+00:00\",\"description\":\"Need to get a quote from Topsoil.Rocks? We make it easy. Call, text, or fill out a form on our website and watch how fast we respond.\",\"breadcrumb\":{\"@id\":\"https:\/\/topsoil.rocks\/get-a-quote\/#breadcrumb\"},\"inLanguage\":\"es\",\"potentialAction\":[{\"@type\":\"ReadAction\",\"target\":[\"https:\/\/topsoil.rocks\/get-a-quote\/\"]}]},{\"@type\":\"BreadcrumbList\",\"@id\":\"https:\/\/topsoil.rocks\/get-a-quote\/#breadcrumb\",\"itemListElement\":[{\"@type\":\"ListItem\",\"position\":1,\"name\":\"Home\",\"item\":\"https:\/\/topsoil.rocks\/\"},{\"@type\":\"ListItem\",\"position\":2,\"name\":\"Get a Quote\"}]},{\"@type\":\"WebSite\",\"@id\":\"https:\/\/topsoil.rocks\/#website\",\"url\":\"https:\/\/topsoil.rocks\/\",\"name\":\"Topsoil.Rocks\",\"description\":\"Your Local Landscape Delivery Service\",\"publisher\":{\"@id\":\"https:\/\/topsoil.rocks\/#organization\"},\"potentialAction\":[{\"@type\":\"SearchAction\",\"target\":{\"@type\":\"EntryPoint\",\"urlTemplate\":\"https:\/\/topsoil.rocks\/?s={search_term_string}\"},\"query-input\":\"required name=search_term_string\"}],\"inLanguage\":\"es\"},{\"@type\":\"Organization\",\"@id\":\"https:\/\/topsoil.rocks\/#organization\",\"name\":\"Topsoil.Rocks\",\"url\":\"https:\/\/topsoil.rocks\/\",\"logo\":{\"@type\":\"ImageObject\",\"inLanguage\":\"es\",\"@id\":\"https:\/\/topsoil.rocks\/#\/schema\/logo\/image\/\",\"url\":\"https:\/\/topsoil.rocks\/wp-content\/uploads\/2023\/03\/superr-small-logo.png\",\"contentUrl\":\"https:\/\/topsoil.rocks\/wp-content\/uploads\/2023\/03\/superr-small-logo.png\",\"width\":250,\"height\":88,\"caption\":\"Topsoil.Rocks\"},\"image\":{\"@id\":\"https:\/\/topsoil.rocks\/#\/schema\/logo\/image\/\"}}]}<\/script>\n<!-- \/ Yoast SEO plugin. -->","yoast_head_json":{"title":"Get a Quote - Fast Easy Pricing - (801) 800-1107","description":"Need to get a quote from Topsoil.Rocks? We make it easy. Call, text, or fill out a form on our website and watch how fast we respond.","robots":{"index":"index","follow":"follow","max-snippet":"max-snippet:-1","max-image-preview":"max-image-preview:large","max-video-preview":"max-video-preview:-1"},"canonical":"https:\/\/topsoil.rocks\/es\/get-a-quote\/","og_locale":"es_MX","og_type":"article","og_title":"Get a Quote - Fast Easy Pricing - (801) 800-1107","og_description":"Need to get a quote from Topsoil.Rocks? We make it easy. Call, text, or fill out a form on our website and watch how fast we respond.","og_url":"https:\/\/topsoil.rocks\/es\/get-a-quote\/","og_site_name":"Topsoil.Rocks","article_modified_time":"2024-03-02T00:47:04+00:00","og_image":[{"width":500,"height":357,"url":"https:\/\/topsoil.rocks\/wp-content\/uploads\/2023\/03\/Side-image.jpg","type":"image\/jpeg"}],"twitter_card":"summary_large_image","twitter_misc":{"Tiempo de lectura":"2 minutos"},"schema":{"@context":"https:\/\/schema.org","@graph":[{"@type":"WebPage","@id":"https:\/\/topsoil.rocks\/get-a-quote\/","url":"https:\/\/topsoil.rocks\/get-a-quote\/","name":"Get a Quote - Fast Easy Pricing - (801) 800-1107","isPartOf":{"@id":"https:\/\/topsoil.rocks\/#website"},"datePublished":"2023-03-22T22:16:54+00:00","dateModified":"2024-03-02T00:47:04+00:00","description":"Need to get a quote from Topsoil.Rocks? We make it easy. Call, text, or fill out a form on our website and watch how fast we respond.","breadcrumb":{"@id":"https:\/\/topsoil.rocks\/get-a-quote\/#breadcrumb"},"inLanguage":"es","potentialAction":[{"@type":"ReadAction","target":["https:\/\/topsoil.rocks\/get-a-quote\/"]}]},{"@type":"BreadcrumbList","@id":"https:\/\/topsoil.rocks\/get-a-quote\/#breadcrumb","itemListElement":[{"@type":"ListItem","position":1,"name":"Home","item":"https:\/\/topsoil.rocks\/"},{"@type":"ListItem","position":2,"name":"Get a Quote"}]},{"@type":"WebSite","@id":"https:\/\/topsoil.rocks\/#website","url":"https:\/\/topsoil.rocks\/","name":"Topsoil.Rocks","description":"Your Local Landscape Delivery Service","publisher":{"@id":"https:\/\/topsoil.rocks\/#organization"},"potentialAction":[{"@type":"SearchAction","target":{"@type":"EntryPoint","urlTemplate":"https:\/\/topsoil.rocks\/?s={search_term_string}"},"query-input":"required name=search_term_string"}],"inLanguage":"es"},{"@type":"Organization","@id":"https:\/\/topsoil.rocks\/#organization","name":"Topsoil.Rocks","url":"https:\/\/topsoil.rocks\/","logo":{"@type":"ImageObject","inLanguage":"es","@id":"https:\/\/topsoil.rocks\/#\/schema\/logo\/image\/","url":"https:\/\/topsoil.rocks\/wp-content\/uploads\/2023\/03\/superr-small-logo.png","contentUrl":"https:\/\/topsoil.rocks\/wp-content\/uploads\/2023\/03\/superr-small-logo.png","width":250,"height":88,"caption":"Topsoil.Rocks"},"image":{"@id":"https:\/\/topsoil.rocks\/#\/schema\/logo\/image\/"}}]}},"_links":{"self":[{"href":"https:\/\/topsoil.rocks\/es\/wp-json\/wp\/v2\/pages\/80","targetHints":{"allow":["GET"]}}],"collection":[{"href":"https:\/\/topsoil.rocks\/es\/wp-json\/wp\/v2\/pages"}],"about":[{"href":"https:\/\/topsoil.rocks\/es\/wp-json\/wp\/v2\/types\/page"}],"author":[{"embeddable":true,"href":"https:\/\/topsoil.rocks\/es\/wp-json\/wp\/v2\/users\/1"}],"replies":[{"embeddable":true,"href":"https:\/\/topsoil.rocks\/es\/wp-json\/wp\/v2\/comments?post=80"}],"version-history":[{"count":12,"href":"https:\/\/topsoil.rocks\/es\/wp-json\/wp\/v2\/pages\/80\/revisions"}],"predecessor-version":[{"id":732,"href":"https:\/\/topsoil.rocks\/es\/wp-json\/wp\/v2\/pages\/80\/revisions\/732"}],"wp:attachment":[{"href":"https:\/\/topsoil.rocks\/es\/wp-json\/wp\/v2\/media?parent=80"}],"curies":[{"name":"wp","href":"https:\/\/api.w.org\/{rel}","templated":true}]}}