{"id":812,"date":"2024-03-02T03:53:24","date_gmt":"2024-03-02T03:53:24","guid":{"rendered":"https:\/\/topsoil.rocks\/?page_id=812"},"modified":"2025-05-14T14:40:36","modified_gmt":"2025-05-14T14:40:36","slug":"mulch-salt-lake","status":"publish","type":"page","link":"https:\/\/topsoil.rocks\/es\/mulch-salt-lake\/","title":{"rendered":"Mulch Salt Lake"},"content":{"rendered":"<p>[et_pb_section fb_built=&#8221;1&#8243; custom_padding_last_edited=&#8221;on|phone&#8221; _builder_version=&#8221;4.20.2&#8243; _module_preset=&#8221;default&#8221; background_image=&#8221;https:\/\/topsoil.rocks\/wp-content\/uploads\/2023\/03\/Black-mulch-dumped-7&#215;5-1.jpg&#8221; background_position=&#8221;bottom_center&#8221; background_vertical_offset=&#8221;54%&#8221; custom_padding=&#8221;||75px|||&#8221; custom_padding_tablet=&#8221;||75px|||&#8221; custom_padding_phone=&#8221;||15px||false|false&#8221; box_shadow_style=&#8221;preset1&#8243; global_colors_info=&#8221;{}&#8221;][et_pb_row custom_padding_last_edited=&#8221;on|desktop&#8221; _builder_version=&#8221;4.17.4&#8243; _module_preset=&#8221;default&#8221; background_color=&#8221;gcid-dd6d4d4a-3d2c-4379-b04b-ca39fb61961c&#8221; custom_margin=&#8221;30px||300px||false|false&#8221; custom_margin_tablet=&#8221;30px||||false|false&#8221; custom_margin_phone=&#8221;30px||||false|false&#8221; custom_margin_last_edited=&#8221;on|desktop&#8221; custom_padding=&#8221;10px|15px|10px|15px|true|true&#8221; custom_padding_tablet=&#8221;10px|15px|10px|15px|true|true&#8221; custom_padding_phone=&#8221;10px|15px|10px|15px|true|true&#8221; border_width_all=&#8221;3px&#8221; border_color_all=&#8221;#FFFFFF&#8221; box_shadow_style=&#8221;preset1&#8243; box_shadow_color=&#8221;#000000&#8243; global_colors_info=&#8221;{%22gcid-dd6d4d4a-3d2c-4379-b04b-ca39fb61961c%22:%91%22background_color%22%93}&#8221;][et_pb_column type=&#8221;4_4&#8243; _builder_version=&#8221;4.17.4&#8243; _module_preset=&#8221;default&#8221; global_colors_info=&#8221;{}&#8221;][et_pb_text _builder_version=&#8221;4.20.2&#8243; _module_preset=&#8221;default&#8221; text_font=&#8221;Roboto|700|||||||&#8221; text_text_color=&#8221;#FFFFFF&#8221; text_font_size=&#8221;64px&#8221; text_line_height=&#8221;1.8em&#8221; header_font=&#8221;Roboto|700|||||||&#8221; header_text_color=&#8221;#FFFFFF&#8221; header_font_size=&#8221;60px&#8221; header_line_height=&#8221;1.4em&#8221; background_enable_color=&#8221;off&#8221; text_orientation=&#8221;center&#8221; header_font_size_tablet=&#8221;60px&#8221; header_font_size_phone=&#8221;60px&#8221; header_font_size_last_edited=&#8221;on|desktop&#8221; border_color_all=&#8221;#FFFFFF&#8221; global_colors_info=&#8221;{%22gcid-dd6d4d4a-3d2c-4379-b04b-ca39fb61961c%22:%91%22background_color%22%93}&#8221;]<\/p>\n<h1>Mantillo cerca de m\u00ed<\/h1>\n<p>[\/et_pb_text][et_pb_text _builder_version=&#8221;4.17.4&#8243; _module_preset=&#8221;default&#8221; text_font=&#8221;Roboto||||||||&#8221; text_text_color=&#8221;#FFFFFF&#8221; text_font_size=&#8221;20px&#8221; text_line_height=&#8221;1.8em&#8221; text_orientation=&#8221;center&#8221; custom_margin=&#8221;-35px||||false|false&#8221; custom_margin_tablet=&#8221;-35px||||false|false&#8221; custom_margin_phone=&#8221;-35px||||false|false&#8221; custom_margin_last_edited=&#8221;on|desktop&#8221; global_colors_info=&#8221;{}&#8221;]<\/p>\n<p>Mantillo cerca de usted es la forma m\u00e1s f\u00e1cil de obtener mantillo entregado directamente a su entrada. Echa un vistazo a nuestros 3 colores y, a continuaci\u00f3n, consulte con nosotros la disponibilidad de camiones. Estamos por lo general s\u00f3lo un d\u00eda o 2 fuera.<\/p>\n<p>[\/et_pb_text][\/et_pb_column][\/et_pb_row][\/et_pb_section][et_pb_section fb_built=&#8221;1&#8243; _builder_version=&#8221;4.24.2&#8243; _module_preset=&#8221;default&#8221; global_colors_info=&#8221;{}&#8221;][et_pb_row _builder_version=&#8221;4.24.2&#8243; _module_preset=&#8221;default&#8221; max_width=&#8221;1300px&#8221; border_width_all=&#8221;2px&#8221; global_colors_info=&#8221;{}&#8221;][et_pb_column type=&#8221;4_4&#8243; _builder_version=&#8221;4.17.4&#8243; _module_preset=&#8221;default&#8221; global_colors_info=&#8221;{}&#8221;][et_pb_text _builder_version=&#8221;4.24.2&#8243; _module_preset=&#8221;default&#8221; text_font=&#8221;Roboto||||||||&#8221; text_text_color=&#8221;#000000&#8243; text_font_size=&#8221;47px&#8221; text_line_height=&#8221;1.8em&#8221; text_orientation=&#8221;center&#8221; global_colors_info=&#8221;{}&#8221;]<\/p>\n<p>Precios en el condado de Salt Lake<\/p>\n<p>[\/et_pb_text][et_pb_button button_url=&#8221;https:\/\/topsoil.rocks\/mulch-near-me\/&#8221; button_text=&#8221;Utah County Pricing&#8221; button_alignment=&#8221;center&#8221; _builder_version=&#8221;4.24.2&#8243; _module_preset=&#8221;default&#8221; custom_button=&#8221;on&#8221; button_text_size=&#8221;30px&#8221; button_text_color=&#8221;#FFFFFF&#8221; button_bg_color=&#8221;#0C71C3&#8243; button_border_color=&#8221;#000000&#8243; button_border_radius=&#8221;5px&#8221; button_icon=&#8221;&#x24;||divi||400&#8243; button_on_hover=&#8221;off&#8221; button_text_size_tablet=&#8221;30px&#8221; button_text_size_phone=&#8221;25px&#8221; button_text_size_last_edited=&#8221;on|phone&#8221; global_colors_info=&#8221;{}&#8221;][\/et_pb_button][\/et_pb_column][\/et_pb_row][\/et_pb_section][et_pb_section fb_built=&#8221;1&#8243; _builder_version=&#8221;4.17.4&#8243; _module_preset=&#8221;default&#8221; global_colors_info=&#8221;{}&#8221;][et_pb_row _builder_version=&#8221;4.20.2&#8243; _module_preset=&#8221;default&#8221; global_colors_info=&#8221;{}&#8221;][et_pb_column type=&#8221;4_4&#8243; _builder_version=&#8221;4.20.2&#8243; _module_preset=&#8221;default&#8221; global_colors_info=&#8221;{}&#8221;][et_pb_text _builder_version=&#8221;4.24.2&#8243; _module_preset=&#8221;default&#8221; header_2_font=&#8221;Roboto|700|||||||&#8221; header_2_text_align=&#8221;center&#8221; header_2_text_color=&#8221;#000000&#8243; header_2_font_size=&#8221;50px&#8221; global_colors_info=&#8221;{}&#8221;]<\/p>\n<h2>Opciones de mantillo<\/h2>\n<p>[\/et_pb_text][\/et_pb_column][\/et_pb_row][et_pb_row column_structure=&#8221;1_3,1_3,1_3&#8243; _builder_version=&#8221;4.24.2&#8243; _module_preset=&#8221;default&#8221; max_width=&#8221;1400px&#8221; global_colors_info=&#8221;{}&#8221;][et_pb_column type=&#8221;1_3&#8243; _builder_version=&#8221;4.17.4&#8243; _module_preset=&#8221;default&#8221; global_colors_info=&#8221;{}&#8221;][et_pb_blurb title=&#8221;Premium Natural Mulch&#8221; image=&#8221;https:\/\/topsoil.rocks\/wp-content\/uploads\/2024\/02\/premium-natural-5&#215;4-1.jpg&#8221; _builder_version=&#8221;4.24.2&#8243; _module_preset=&#8221;default&#8221; header_font=&#8221;Roboto|700|||||||&#8221; header_text_align=&#8221;center&#8221; header_text_color=&#8221;#FFFFFF&#8221; header_font_size=&#8221;25px&#8221; header_line_height=&#8221;1.8em&#8221; body_font=&#8221;Roboto||||||||&#8221; body_text_align=&#8221;center&#8221; body_text_color=&#8221;#FFFFFF&#8221; body_font_size=&#8221;19px&#8221; body_line_height=&#8221;1.8em&#8221; background_color=&#8221;gcid-5435163f-56cc-448f-8309-5112f0f640d7&#8243; custom_padding=&#8221;15px|15px|15px|15px|true|true&#8221; custom_padding_last_edited=&#8221;off|desktop&#8221; border_width_all=&#8221;3px&#8221; border_color_all=&#8221;#FFFFFF&#8221; box_shadow_style=&#8221;preset1&#8243; box_shadow_color=&#8221;rgba(0,0,0,0.59)&#8221; locked=&#8221;off&#8221; global_colors_info=&#8221;{%22gcid-5435163f-56cc-448f-8309-5112f0f640d7%22:%91%22background_color%22%93}&#8221;]<\/p>\n<p>Starting at<\/p>\n<p>12 Yard Dump Truck: $750<\/p>\n<p>15 Yard Dump Truck: $900<\/p>\n<p>20 Yard Side Dump: $1,050<\/p>\n<p>&nbsp;<\/p>\n<p>[\/et_pb_blurb][et_pb_button button_url=&#8221;https:\/\/topsoil.rocks\/order-now\/&#8221; button_text=&#8221;Order Now&#8221; button_alignment=&#8221;center&#8221; _builder_version=&#8221;4.24.2&#8243; _module_preset=&#8221;default&#8221; custom_button=&#8221;on&#8221; button_text_size=&#8221;25px&#8221; button_text_color=&#8221;#000000&#8243; box_shadow_style=&#8221;preset1&#8243; box_shadow_color=&#8221;rgba(0,0,0,0.13)&#8221; global_colors_info=&#8221;{}&#8221;][\/et_pb_button][\/et_pb_column][et_pb_column type=&#8221;1_3&#8243; _builder_version=&#8221;4.17.4&#8243; _module_preset=&#8221;default&#8221; global_colors_info=&#8221;{}&#8221;][et_pb_blurb title=&#8221;Premium Chunk Mulch &#8221; image=&#8221;https:\/\/topsoil.rocks\/wp-content\/uploads\/2024\/02\/Small-Bark-5&#215;4-1.jpg&#8221; _builder_version=&#8221;4.24.2&#8243; _module_preset=&#8221;default&#8221; header_font=&#8221;Roboto|700|||||||&#8221; header_text_align=&#8221;center&#8221; header_text_color=&#8221;#FFFFFF&#8221; header_font_size=&#8221;25px&#8221; header_line_height=&#8221;1.8em&#8221; body_font=&#8221;Roboto||||||||&#8221; body_text_align=&#8221;center&#8221; body_text_color=&#8221;#FFFFFF&#8221; body_font_size=&#8221;19px&#8221; body_line_height=&#8221;1.8em&#8221; background_color=&#8221;gcid-5435163f-56cc-448f-8309-5112f0f640d7&#8243; custom_padding=&#8221;15px|15px|15px|15px|true|true&#8221; custom_padding_last_edited=&#8221;off|desktop&#8221; border_width_all=&#8221;3px&#8221; border_color_all=&#8221;#FFFFFF&#8221; box_shadow_style=&#8221;preset1&#8243; box_shadow_color=&#8221;rgba(0,0,0,0.59)&#8221; locked=&#8221;off&#8221; global_colors_info=&#8221;{%22gcid-5435163f-56cc-448f-8309-5112f0f640d7%22:%91%22background_color%22%93}&#8221;]<\/p>\n<p>Starting at<\/p>\n<p>12 Yard Dump Truck: $750<\/p>\n<p>15 Yard Dump Truck: $900<\/p>\n<p>20 Yard Side Dump: $1050<\/p>\n<p>&nbsp;<\/p>\n<p>[\/et_pb_blurb][et_pb_button button_url=&#8221;https:\/\/topsoil.rocks\/order-now\/&#8221; button_text=&#8221;Order Now&#8221; button_alignment=&#8221;center&#8221; _builder_version=&#8221;4.24.2&#8243; _module_preset=&#8221;default&#8221; custom_button=&#8221;on&#8221; button_text_size=&#8221;25px&#8221; button_text_color=&#8221;#000000&#8243; box_shadow_style=&#8221;preset1&#8243; box_shadow_color=&#8221;rgba(0,0,0,0.13)&#8221; global_colors_info=&#8221;{}&#8221;][\/et_pb_button][\/et_pb_column][et_pb_column type=&#8221;1_3&#8243; _builder_version=&#8221;4.17.4&#8243; _module_preset=&#8221;default&#8221; global_colors_info=&#8221;{}&#8221;][et_pb_blurb title=&#8221;Premium Black Dyed Mulch&#8221; image=&#8221;https:\/\/topsoil.rocks\/wp-content\/uploads\/2024\/02\/black-mulch-5&#215;4-1.jpg&#8221; _builder_version=&#8221;4.24.2&#8243; _module_preset=&#8221;default&#8221; header_font=&#8221;Roboto|700|||||||&#8221; header_text_align=&#8221;center&#8221; header_text_color=&#8221;#FFFFFF&#8221; header_font_size=&#8221;25px&#8221; header_line_height=&#8221;1.8em&#8221; body_font=&#8221;Roboto||||||||&#8221; body_text_align=&#8221;center&#8221; body_text_color=&#8221;#FFFFFF&#8221; body_font_size=&#8221;19px&#8221; body_line_height=&#8221;1.8em&#8221; background_color=&#8221;gcid-5435163f-56cc-448f-8309-5112f0f640d7&#8243; custom_padding=&#8221;15px|15px|15px|15px|true|true&#8221; custom_padding_last_edited=&#8221;off|desktop&#8221; border_width_all=&#8221;3px&#8221; border_color_all=&#8221;#FFFFFF&#8221; box_shadow_style=&#8221;preset1&#8243; box_shadow_color=&#8221;rgba(0,0,0,0.59)&#8221; locked=&#8221;off&#8221; global_colors_info=&#8221;{%22gcid-5435163f-56cc-448f-8309-5112f0f640d7%22:%91%22background_color%22%93}&#8221;]<\/p>\n<p>Starting at<\/p>\n<p>12 Yard Dump Truck: $750<\/p>\n<p>15 Yard Dump Truck: $900<\/p>\n<p>20 Yard Side Dump: $1050<\/p>\n<p>&nbsp;<\/p>\n<p>[\/et_pb_blurb][et_pb_button button_url=&#8221;https:\/\/topsoil.rocks\/order-now\/&#8221; button_text=&#8221;Order Now&#8221; button_alignment=&#8221;center&#8221; _builder_version=&#8221;4.24.2&#8243; _module_preset=&#8221;default&#8221; custom_button=&#8221;on&#8221; button_text_size=&#8221;25px&#8221; button_text_color=&#8221;#000000&#8243; box_shadow_style=&#8221;preset1&#8243; box_shadow_color=&#8221;rgba(0,0,0,0.13)&#8221; global_colors_info=&#8221;{}&#8221;][\/et_pb_button][\/et_pb_column][\/et_pb_row][\/et_pb_section][et_pb_section fb_built=&#8221;1&#8243; _builder_version=&#8221;4.17.4&#8243; _module_preset=&#8221;default&#8221; background_color=&#8221;gcid-5435163f-56cc-448f-8309-5112f0f640d7&#8243; box_shadow_style=&#8221;preset6&#8243; box_shadow_color=&#8221;rgba(0,0,0,0.59)&#8221; global_colors_info=&#8221;{%22gcid-5435163f-56cc-448f-8309-5112f0f640d7%22:%91%22background_color%22%93}&#8221;][et_pb_row _builder_version=&#8221;4.17.4&#8243; _module_preset=&#8221;default&#8221; global_colors_info=&#8221;{}&#8221;][et_pb_column type=&#8221;4_4&#8243; _builder_version=&#8221;4.17.4&#8243; _module_preset=&#8221;default&#8221; global_colors_info=&#8221;{}&#8221;][et_pb_text _builder_version=&#8221;4.21.0&#8243; _module_preset=&#8221;default&#8221; text_font=&#8221;Roboto|700|||||||&#8221; text_text_color=&#8221;#FFFFFF&#8221; text_font_size=&#8221;35px&#8221; text_line_height=&#8221;1.8em&#8221; text_orientation=&#8221;center&#8221; custom_margin=&#8221;||41px||false|false&#8221; global_colors_info=&#8221;{}&#8221;]<\/p>\n<p>\u00bfTiene preguntas sobre nuestros productos?<\/p>\n<p>(385) 335-5402<\/p>\n<p>[\/et_pb_text][et_pb_button button_url=&#8221;https:\/\/topsoil.rocks\/contact-us\/&#8221; button_text=&#8221;Contact Us&#8221; button_alignment=&#8221;center&#8221; _builder_version=&#8221;4.20.2&#8243; _module_preset=&#8221;default&#8221; custom_button=&#8221;on&#8221; button_text_size=&#8221;25px&#8221; button_text_color=&#8221;#FFFFFF&#8221; box_shadow_style=&#8221;preset1&#8243; box_shadow_color=&#8221;rgba(0,0,0,0.51)&#8221; global_colors_info=&#8221;{}&#8221;][\/et_pb_button][\/et_pb_column][\/et_pb_row][\/et_pb_section][et_pb_section fb_built=&#8221;1&#8243; _builder_version=&#8221;4.17.4&#8243; _module_preset=&#8221;default&#8221; global_colors_info=&#8221;{}&#8221;][et_pb_row column_structure=&#8221;1_2,1_2&#8243; _builder_version=&#8221;4.17.4&#8243; _module_preset=&#8221;default&#8221; global_colors_info=&#8221;{}&#8221;][et_pb_column type=&#8221;1_2&#8243; _builder_version=&#8221;4.17.4&#8243; _module_preset=&#8221;default&#8221; global_colors_info=&#8221;{}&#8221;][et_pb_text _builder_version=&#8221;4.17.4&#8243; _module_preset=&#8221;default&#8221; text_font=&#8221;Roboto|700|||||||&#8221; text_text_color=&#8221;#000000&#8243; text_font_size=&#8221;36px&#8221; text_line_height=&#8221;1.8em&#8221; text_orientation=&#8221;center&#8221; global_colors_info=&#8221;{}&#8221;]<\/p>\n<p>Preguntas frecuentes<\/p>\n<p>[\/et_pb_text][et_pb_accordion _builder_version=&#8221;4.17.4&#8243; _module_preset=&#8221;default&#8221; global_colors_info=&#8221;{}&#8221;][et_pb_accordion_item title=&#8221;Do You Do Bulk Discounts?&#8221; open=&#8221;on&#8221; _builder_version=&#8221;4.17.4&#8243; _module_preset=&#8221;default&#8221; global_colors_info=&#8221;{}&#8221;]<\/p>\n<p>En trabajos con muchas cargas, no dude en ponerse en contacto con nosotros. Dependiendo del lugar de trabajo y el plazo, haremos todo lo posible para elaborar una oferta competitiva para usted.<\/p>\n<p>[\/et_pb_accordion_item][et_pb_accordion_item title=&#8221;Do you do haul off if I have dirt I need to get rid of?&#8221; _builder_version=&#8221;4.17.4&#8243; _module_preset=&#8221;default&#8221; global_colors_info=&#8221;{}&#8221; open=&#8221;off&#8221;]<\/p>\n<p>P\u00f3ngase en contacto con nosotros si necesita deshacerse de la suciedad. La disponibilidad puede variar.<\/p>\n<p>[\/et_pb_accordion_item][\/et_pb_accordion][\/et_pb_column][et_pb_column type=&#8221;1_2&#8243; _builder_version=&#8221;4.17.4&#8243; _module_preset=&#8221;default&#8221; global_colors_info=&#8221;{}&#8221;][et_pb_accordion _builder_version=&#8221;4.20.2&#8243; _module_preset=&#8221;default&#8221; global_colors_info=&#8221;{}&#8221;][et_pb_accordion_item title=&#8221;Can You Dump In My Back Yard?&#8221; open=&#8221;on&#8221; _builder_version=&#8221;4.17.4&#8243; _module_preset=&#8221;default&#8221; global_colors_info=&#8221;{}&#8221;]<\/p>\n<p>Estaremos encantados de verter donde mejor le convenga. No nos hacemos responsables por el concreto roto. Al verter en patios traseros, entender el cami\u00f3n es de unos 10 pies de ancho, alrededor de 12 pies de alto y largo. Esto hace que tomar curvas cerradas muy dif\u00edcil.<\/p>\n<p>[\/et_pb_accordion_item][et_pb_accordion_item title=&#8221;How Many yards Can Your Truck Hold?&#8221; _builder_version=&#8221;4.20.2&#8243; _module_preset=&#8221;default&#8221; global_colors_info=&#8221;{}&#8221; open=&#8221;off&#8221;]<\/p>\n<p>Tenemos 3 camiones para mantillo, nuestro cami\u00f3n peque\u00f1o tiene capacidad para 4 yardas, nuestro cami\u00f3n regular tiene capacidad para 15 yardas y nuestro cami\u00f3n grande tiene capacidad para 40 yardas.<\/p>\n<p>[\/et_pb_accordion_item][et_pb_accordion_item title=&#8221;What Time Do You Deliver?&#8221; _builder_version=&#8221;4.17.4&#8243; _module_preset=&#8221;default&#8221; global_colors_info=&#8221;{}&#8221; open=&#8221;off&#8221;]<\/p>\n<p>We deliver between 8am and 6pm. If you are needing the dirt early, we recommend getting it the day before.<\/p>\n<p>[\/et_pb_accordion_item][\/et_pb_accordion][\/et_pb_column][\/et_pb_row][\/et_pb_section]<\/p>","protected":false},"excerpt":{"rendered":"<p>Mulch Near MeMulch near you is the easiest way to get mulch delivered right to your driveway. Check out our 3 colors and then check with us for availability on trucking. We are generally only a day or 2 out.Salt Lake County Pricing BelowMulch OptionsStarting at 12 Yard Dump Truck: $750 15 Yard Dump Truck: [&hellip;]<\/p>","protected":false},"author":1,"featured_media":0,"parent":0,"menu_order":0,"comment_status":"closed","ping_status":"closed","template":"","meta":{"_et_pb_use_builder":"on","_et_pb_old_content":"","_et_gb_content_width":"","footnotes":""},"class_list":["post-812","page","type-page","status-publish","hentry"],"yoast_head":"<!-- This site is optimized with the Yoast SEO plugin v23.1 - https:\/\/yoast.com\/wordpress\/plugins\/seo\/ -->\n<title>Mulch Salt Lake - Topsoil.Rocks<\/title>\n<meta name=\"robots\" content=\"index, follow, max-snippet:-1, max-image-preview:large, max-video-preview:-1\" \/>\n<link rel=\"canonical\" href=\"https:\/\/topsoil.rocks\/es\/mulch-salt-lake\/\" \/>\n<meta property=\"og:locale\" content=\"es_MX\" \/>\n<meta property=\"og:type\" content=\"article\" \/>\n<meta property=\"og:title\" content=\"Mulch Salt Lake - Topsoil.Rocks\" \/>\n<meta property=\"og:description\" content=\"Mulch Near MeMulch near you is the easiest way to get mulch delivered right to your driveway. Check out our 3 colors and then check with us for availability on trucking. We are generally only a day or 2 out.Salt Lake County Pricing BelowMulch OptionsStarting at 12 Yard Dump Truck: $750 15 Yard Dump Truck: [&hellip;]\" \/>\n<meta property=\"og:url\" content=\"https:\/\/topsoil.rocks\/es\/mulch-salt-lake\/\" \/>\n<meta property=\"og:site_name\" content=\"Topsoil.Rocks\" \/>\n<meta property=\"article:modified_time\" content=\"2025-05-14T14:40:36+00:00\" \/>\n<meta property=\"og:image\" content=\"https:\/\/topsoil.rocks\/wp-content\/uploads\/2023\/03\/Side-image.jpg\" \/>\n\t<meta property=\"og:image:width\" content=\"500\" \/>\n\t<meta property=\"og:image:height\" content=\"357\" \/>\n\t<meta property=\"og:image:type\" content=\"image\/jpeg\" \/>\n<meta name=\"twitter:card\" content=\"summary_large_image\" \/>\n<script type=\"application\/ld+json\" class=\"yoast-schema-graph\">{\"@context\":\"https:\/\/schema.org\",\"@graph\":[{\"@type\":\"WebPage\",\"@id\":\"https:\/\/topsoil.rocks\/mulch-salt-lake\/\",\"url\":\"https:\/\/topsoil.rocks\/mulch-salt-lake\/\",\"name\":\"Mulch Salt Lake - Topsoil.Rocks\",\"isPartOf\":{\"@id\":\"https:\/\/topsoil.rocks\/#website\"},\"datePublished\":\"2024-03-02T03:53:24+00:00\",\"dateModified\":\"2025-05-14T14:40:36+00:00\",\"breadcrumb\":{\"@id\":\"https:\/\/topsoil.rocks\/mulch-salt-lake\/#breadcrumb\"},\"inLanguage\":\"es\",\"potentialAction\":[{\"@type\":\"ReadAction\",\"target\":[\"https:\/\/topsoil.rocks\/mulch-salt-lake\/\"]}]},{\"@type\":\"BreadcrumbList\",\"@id\":\"https:\/\/topsoil.rocks\/mulch-salt-lake\/#breadcrumb\",\"itemListElement\":[{\"@type\":\"ListItem\",\"position\":1,\"name\":\"Home\",\"item\":\"https:\/\/topsoil.rocks\/\"},{\"@type\":\"ListItem\",\"position\":2,\"name\":\"Mulch Salt Lake\"}]},{\"@type\":\"WebSite\",\"@id\":\"https:\/\/topsoil.rocks\/#website\",\"url\":\"https:\/\/topsoil.rocks\/\",\"name\":\"Topsoil.Rocks\",\"description\":\"Your Local Landscape Delivery Service\",\"publisher\":{\"@id\":\"https:\/\/topsoil.rocks\/#organization\"},\"potentialAction\":[{\"@type\":\"SearchAction\",\"target\":{\"@type\":\"EntryPoint\",\"urlTemplate\":\"https:\/\/topsoil.rocks\/?s={search_term_string}\"},\"query-input\":\"required name=search_term_string\"}],\"inLanguage\":\"es\"},{\"@type\":\"Organization\",\"@id\":\"https:\/\/topsoil.rocks\/#organization\",\"name\":\"Topsoil.Rocks\",\"url\":\"https:\/\/topsoil.rocks\/\",\"logo\":{\"@type\":\"ImageObject\",\"inLanguage\":\"es\",\"@id\":\"https:\/\/topsoil.rocks\/#\/schema\/logo\/image\/\",\"url\":\"https:\/\/topsoil.rocks\/wp-content\/uploads\/2023\/03\/superr-small-logo.png\",\"contentUrl\":\"https:\/\/topsoil.rocks\/wp-content\/uploads\/2023\/03\/superr-small-logo.png\",\"width\":250,\"height\":88,\"caption\":\"Topsoil.Rocks\"},\"image\":{\"@id\":\"https:\/\/topsoil.rocks\/#\/schema\/logo\/image\/\"}}]}<\/script>\n<!-- \/ Yoast SEO plugin. -->","yoast_head_json":{"title":"Mulch Salt Lake - Topsoil.Rocks","robots":{"index":"index","follow":"follow","max-snippet":"max-snippet:-1","max-image-preview":"max-image-preview:large","max-video-preview":"max-video-preview:-1"},"canonical":"https:\/\/topsoil.rocks\/es\/mulch-salt-lake\/","og_locale":"es_MX","og_type":"article","og_title":"Mulch Salt Lake - Topsoil.Rocks","og_description":"Mulch Near MeMulch near you is the easiest way to get mulch delivered right to your driveway. Check out our 3 colors and then check with us for availability on trucking. We are generally only a day or 2 out.Salt Lake County Pricing BelowMulch OptionsStarting at 12 Yard Dump Truck: $750 15 Yard Dump Truck: [&hellip;]","og_url":"https:\/\/topsoil.rocks\/es\/mulch-salt-lake\/","og_site_name":"Topsoil.Rocks","article_modified_time":"2025-05-14T14:40:36+00:00","og_image":[{"width":500,"height":357,"url":"https:\/\/topsoil.rocks\/wp-content\/uploads\/2023\/03\/Side-image.jpg","type":"image\/jpeg"}],"twitter_card":"summary_large_image","schema":{"@context":"https:\/\/schema.org","@graph":[{"@type":"WebPage","@id":"https:\/\/topsoil.rocks\/mulch-salt-lake\/","url":"https:\/\/topsoil.rocks\/mulch-salt-lake\/","name":"Mulch Salt Lake - Topsoil.Rocks","isPartOf":{"@id":"https:\/\/topsoil.rocks\/#website"},"datePublished":"2024-03-02T03:53:24+00:00","dateModified":"2025-05-14T14:40:36+00:00","breadcrumb":{"@id":"https:\/\/topsoil.rocks\/mulch-salt-lake\/#breadcrumb"},"inLanguage":"es","potentialAction":[{"@type":"ReadAction","target":["https:\/\/topsoil.rocks\/mulch-salt-lake\/"]}]},{"@type":"BreadcrumbList","@id":"https:\/\/topsoil.rocks\/mulch-salt-lake\/#breadcrumb","itemListElement":[{"@type":"ListItem","position":1,"name":"Home","item":"https:\/\/topsoil.rocks\/"},{"@type":"ListItem","position":2,"name":"Mulch Salt Lake"}]},{"@type":"WebSite","@id":"https:\/\/topsoil.rocks\/#website","url":"https:\/\/topsoil.rocks\/","name":"Topsoil.Rocks","description":"Your Local Landscape Delivery Service","publisher":{"@id":"https:\/\/topsoil.rocks\/#organization"},"potentialAction":[{"@type":"SearchAction","target":{"@type":"EntryPoint","urlTemplate":"https:\/\/topsoil.rocks\/?s={search_term_string}"},"query-input":"required name=search_term_string"}],"inLanguage":"es"},{"@type":"Organization","@id":"https:\/\/topsoil.rocks\/#organization","name":"Topsoil.Rocks","url":"https:\/\/topsoil.rocks\/","logo":{"@type":"ImageObject","inLanguage":"es","@id":"https:\/\/topsoil.rocks\/#\/schema\/logo\/image\/","url":"https:\/\/topsoil.rocks\/wp-content\/uploads\/2023\/03\/superr-small-logo.png","contentUrl":"https:\/\/topsoil.rocks\/wp-content\/uploads\/2023\/03\/superr-small-logo.png","width":250,"height":88,"caption":"Topsoil.Rocks"},"image":{"@id":"https:\/\/topsoil.rocks\/#\/schema\/logo\/image\/"}}]}},"_links":{"self":[{"href":"https:\/\/topsoil.rocks\/es\/wp-json\/wp\/v2\/pages\/812","targetHints":{"allow":["GET"]}}],"collection":[{"href":"https:\/\/topsoil.rocks\/es\/wp-json\/wp\/v2\/pages"}],"about":[{"href":"https:\/\/topsoil.rocks\/es\/wp-json\/wp\/v2\/types\/page"}],"author":[{"embeddable":true,"href":"https:\/\/topsoil.rocks\/es\/wp-json\/wp\/v2\/users\/1"}],"replies":[{"embeddable":true,"href":"https:\/\/topsoil.rocks\/es\/wp-json\/wp\/v2\/comments?post=812"}],"version-history":[{"count":4,"href":"https:\/\/topsoil.rocks\/es\/wp-json\/wp\/v2\/pages\/812\/revisions"}],"predecessor-version":[{"id":929,"href":"https:\/\/topsoil.rocks\/es\/wp-json\/wp\/v2\/pages\/812\/revisions\/929"}],"wp:attachment":[{"href":"https:\/\/topsoil.rocks\/es\/wp-json\/wp\/v2\/media?parent=812"}],"curies":[{"name":"wp","href":"https:\/\/api.w.org\/{rel}","templated":true}]}}